{"id":397,"date":"2024-05-23T01:12:41","date_gmt":"2024-05-23T01:12:41","guid":{"rendered":"https:\/\/floewater.progressive.hu\/?page_id=10"},"modified":"2025-04-22T06:33:57","modified_gmt":"2025-04-22T06:33:57","slug":"adatkezelesi-tajekoztato","status":"publish","type":"page","link":"https:\/\/floewater.com\/szolgaltatas\/adatkezelesi-tajekoztato\/","title":{"rendered":"Adatkezel\u00e9si t\u00e1j\u00e9koztat\u00f3"},"content":{"rendered":"\n<p><strong>ADATKEZEL\u00c9SI T\u00c1J\u00c9KOZAT\u00d3<\/strong><\/p>\n\n\n\n<p>A <strong>HELL ENERGY Magyarorsz\u00e1g Kft. <\/strong>tiszteletben tartja az \u00d6n mag\u00e1nszf\u00e9r\u00e1j\u00e1nak v\u00e9delm\u00e9t \u00e9s nagy gondot ford\u00edt a szem\u00e9lyes adatok v\u00e9delm\u00e9re. Az adatkezel\u00e9si t\u00e1j\u00e9koztat\u00f3 c\u00e9lja, hogy megfelel\u0151 inform\u00e1ci\u00f3kat ny\u00fajtson a jelen weboldalon t\u00f6rt\u00e9n\u0151 adatkezel\u00e9sekr\u0151l, valamint az \u00d6nt, mint \u00e9rintettet megillet\u0151 jogokr\u00f3l.<\/p>\n\n\n\n<p>A <strong>HELL ENERGY Magyarorsz\u00e1g Kft<\/strong>. az adatkezel\u00e9sek sor\u00e1n marad\u00e9ktalanul megfelel az alkalmazand\u00f3 jogszab\u00e1lyoknak, \u00edgy k\u00fcl\u00f6n\u00f6sen a 2016\/679 (EU) \u00e1ltal\u00e1nos adatv\u00e9delmi rendeletnek (<strong><em>GDPR<\/em><\/strong>), valamint az inform\u00e1ci\u00f3s \u00f6nrendelkez\u00e9si jogr\u00f3l \u00e9s az inform\u00e1ci\u00f3szabads\u00e1gr\u00f3l sz\u00f3l\u00f3 2011. \u00e9vi CXII. t\u00f6rv\u00e9nynek.<\/p>\n\n\n\n<ol class=\"wp-block-list\">\n<li><strong>ADATKEZEL\u0150 EL\u00c9RHET\u0150S\u00c9GEI<\/strong><\/li>\n<\/ol>\n\n\n\n<p>C\u00e9g neve: <strong>HELL ENERGY Magyarorsz\u00e1g Kft.<\/strong><strong><br><\/strong>Sz\u00e9khely: 1062 Budapest, Andr\u00e1ssy \u00fat 126.<br>Ad\u00f3sz\u00e1m: 13324223-4-44<\/p>\n\n\n\n<p>Csoportazonos\u00edt\u00f3 sz\u00e1m: 17782263-5-44<br>C\u00e9gjegyz\u00e9ksz\u00e1m: 01-09-729429<\/p>\n\n\n\n<p>E-mail: <a href=\"mailto:info@floewater.com\">info@floewater.com<\/a><\/p>\n\n\n\n<p>Adatv\u00e9delmi tisztvisel\u0151 el\u00e9rhet\u0151s\u00e9ge: <a href=\"mailto:dpo@hellenergy.com\">dpo@hellenergy.com<\/a><br><\/p>\n\n\n\n<p>(tov\u00e1bbiakban: <strong><em>Adatkezel\u0151<\/em><\/strong>)<\/p>\n\n\n\n<ol start=\"2\" class=\"wp-block-list\">\n<li><strong>AZ ADATKEZEL\u00c9S C\u00c9LJA, JOGALAPJA, VALAMINT AZ ADATOK MEG\u0150RZ\u00c9SI IDEJE<\/strong><\/li>\n<\/ol>\n\n\n\n<p><strong>Kapcsolatfelv\u00e9teli formon t\u00f6rt\u00e9n\u0151 aj\u00e1nlatk\u00e9r\u00e9ssel, \u00e9rdekl\u0151d\u00e9ssel kapcsolatos adatkezel\u00e9s<\/strong><\/p>\n\n\n\n<ul class=\"wp-block-list\">\n<li><strong>Adatkezel\u00e9s c\u00e9lja:<\/strong> A <a href=\"https:\/\/floewater.com\/hu\/szolgaltatas\/kapcsolat\/\">https:\/\/floewater.com\/hu\/szolgaltatas\/kapcsolat\/<\/a> formon megadott szem\u00e9lyes adatai kezel\u00e9s\u00e9re kiz\u00e1r\u00f3lag az aj\u00e1nlatk\u00e9r\u00e9sre\/\u00e9rdekl\u0151d\u00e9sre t\u00f6rt\u00e9n\u0151 v\u00e1laszad\u00e1s c\u00e9lj\u00e1b\u00f3l ker\u00fcl sor.\u00a0\u00a0<\/li>\n\n\n\n<li><strong>Adatkezel\u00e9ssel \u00e9rintett szem\u00e9lyes adatok:\u00a0<\/strong>\n<ul class=\"wp-block-list\">\n<li>azonos\u00edt\u00f3 adatok (n\u00e9v)<\/li>\n\n\n\n<li>el\u00e9rhet\u0151s\u00e9gi adatok (telefonsz\u00e1m, e-mail c\u00edm)<\/li>\n\n\n\n<li>kommunik\u00e1ci\u00f3 tartalma<\/li>\n<\/ul>\n<\/li>\n\n\n\n<li><strong>Adatkezel\u00e9s jogalapja: <\/strong>GDPR 6. cikk (1) bekezd\u00e9s a) pont \u2013 az \u00e9rintett hozz\u00e1j\u00e1rul\u00e1sa<\/li>\n\n\n\n<li><strong>Adatok meg\u0151rz\u00e9si ideje: <\/strong>A hozz\u00e1j\u00e1rul\u00e1s visszavon\u00e1s\u00e1ig, azonban a hozz\u00e1j\u00e1rul\u00e1s visszavon\u00e1sa nem \u00e9rinti a hozz\u00e1j\u00e1rul\u00e1son alapul\u00f3, a visszavon\u00e1s el\u0151tti adatkezel\u00e9s jogszer\u0171s\u00e9g\u00e9t.<\/li>\n<\/ul>\n\n\n\n<ol start=\"3\" class=\"wp-block-list\">\n<li><strong>COOKIE-K (s\u00fctik) HASZN\u00c1LATA<\/strong><\/li>\n<\/ol>\n\n\n\n<p>A cookie (s\u00fcti) a felhaszn\u00e1l\u00f3 tev\u00e9kenys\u00e9g\u00e9re vonatkoz\u00f3 inform\u00e1ci\u00f3csomag, amely a weboldal el\u00e9r\u00e9s\u00e9hez haszn\u00e1lt eszk\u00f6z\u00f6n ker\u00fcl t\u00e1rol\u00e1sra. A cookie nem k\u00e1ros\u00edtja eszk\u00f6z\u00e9t, azonban lehet\u0151v\u00e9 teszi sz\u00e1munkra, hogy n\u00f6velj\u00fck a b\u00f6ng\u00e9sz\u00e9s \u00e9lm\u00e9ny\u00e9t, valamint a weboldal v\u00e1laszad\u00e1si sebess\u00e9g\u00e9t. Tov\u00e1bbi inform\u00e1ci\u00f3k gy\u0171jt\u00e9s\u00e9re, ide\u00e9rtve a szem\u00e9lyre szabott rekl\u00e1mok megjelen\u00edt\u00e9s\u00e9t is, kiz\u00e1r\u00f3lag az \u00d6n el\u0151zetes hozz\u00e1j\u00e1rul\u00e1sa eset\u00e9n ker\u00fcl sor. A weboldalon haszn\u00e1lt cookiekr\u00f3l, valamint azok testreszab\u00e1s\u00e1r\u00f3l r\u00e9szletes t\u00e1j\u00e9koztat\u00e1st ny\u00fajt a weboldal alj\u00e1n elhelyezett S\u00fcti (cookie) t\u00e1j\u00e9koztat\u00f3.<\/p>\n\n\n\n<ol start=\"4\" class=\"wp-block-list\">\n<li><strong>SZEM\u00c9LYES ADATOK C\u00cdMZETTJEI<\/strong><\/li>\n\n\n\n<li><strong>Adatfeldolgoz\u00f3k<\/strong><\/li>\n<\/ol>\n\n\n\n<p>Az Adatkezel\u0151 a weboldal m\u0171k\u00f6dtet\u00e9se, fejleszt\u00e9se \u00e9rdek\u00e9ben m\u00e1s t\u00e1rsas\u00e1g (adatfeldolgoz\u00f3) k\u00f6zrem\u0171k\u00f6d\u00e9s\u00e9t is ig\u00e9nybe veszi a weboldal \u00fczemeltet\u00e9se, fejleszt\u00e9se c\u00e9lj\u00e1b\u00f3l.<\/p>\n\n\n\n<p>Az Adatkezel\u0151 \u00e1ltal ig\u00e9nybe vett adatfeldolgoz\u00f3(k):<\/p>\n\n\n\n<figure class=\"wp-block-table\"><table class=\"has-fixed-layout\"><thead><tr><th><strong>N\u00e9v<\/strong><\/th><th><strong>C\u00edm<\/strong><\/th><th><strong>Tev\u00e9kenys\u00e9g<\/strong><\/th><\/tr><\/thead><tbody><tr><td>Milcomp Services Kft.<\/td><td>2030 \u00c9rd, Csaba utca 67.&nbsp;<\/td><td>weboldal \u00fczemeltet\u00e9se, fejleszt\u00e9se<\/td><\/tr><\/tbody><\/table><\/figure>\n\n\n\n<ol start=\"2\" class=\"wp-block-list\">\n<li><strong>M\u00e1s adatkezel\u0151k r\u00e9sz\u00e9re t\u00f6rt\u00e9n\u0151 adattov\u00e1bb\u00edt\u00e1s<\/strong><\/li>\n<\/ol>\n\n\n\n<p>Az Adatkezel\u0151 bizonyos esetekben szem\u00e9lyes adatokat tov\u00e1bb\u00edt olyan szem\u00e9lyek r\u00e9sz\u00e9re, akik ezen adatokat saj\u00e1t nev\u00fckben \u00e9s javukra kezelik. El\u0151fordulhat, hogy ilyen adattov\u00e1bb\u00edt\u00e1st jogszab\u00e1ly \u00edr el\u0151 (mint p\u00e9ld\u00e1ul bizonyos tranzakci\u00f3s, technikai vagy azonos\u00edt\u00f3 adatok tov\u00e1bb\u00edt\u00e1sa a rend\u0151rs\u00e9g, illetve egy\u00e9b hat\u00f3s\u00e1g r\u00e9sz\u00e9re). Ugyanakkor egy\u00e9b esetben az adattov\u00e1bb\u00edt\u00e1s m\u00e1s jogalapon t\u00f6rt\u00e9nik, k\u00fcl\u00f6n\u00f6sen jogos \u00e9rdek, vagy az \u00d6n hozz\u00e1j\u00e1rul\u00e1sa alapj\u00e1n.<\/p>\n\n\n\n<p>Abban az esetben is sor ker\u00fclhet az adatok harmadik szem\u00e9lyekkel val\u00f3 megoszt\u00e1s\u00e1ra, ha megalapozottan feltehet\u0151, hogy az adattov\u00e1bb\u00edt\u00e1s csal\u00e1s megel\u0151z\u00e9se vagy kezel\u00e9se, illetve a jelen weboldal t\u00e1mad\u00e1st\u00f3l val\u00f3 meg\u00f3v\u00e1sa az Adatkezel\u0151, illetve a v\u00e1s\u00e1rl\u00f3k, felhaszn\u00e1l\u00f3k, m\u00e1s szem\u00e9lyek vagy meghat\u00e1rozott t\u00e1rsas\u00e1gok tulajdon\u00e1nak \u00e9s biztons\u00e1g\u00e1nak v\u00e9delme \u00e9rdek\u00e9ben sz\u00fcks\u00e9ges.<\/p>\n\n\n\n<ol start=\"5\" class=\"wp-block-list\">\n<li><strong>\u00c9RINTETTI JOGOK<\/strong><\/li>\n<\/ol>\n\n\n\n<figure class=\"wp-block-table\"><table class=\"has-fixed-layout\"><thead><tr><th><strong>Jog<\/strong><\/th><th><strong>Az adott jog tartalma<\/strong><\/th><\/tr><\/thead><tbody><tr><td>Az adatokhoz val\u00f3 hozz\u00e1f\u00e9r\u00e9s<\/td><td>K\u00e9r\u00e9s eset\u00e9n t\u00e1j\u00e9koztatjuk, hogy kezelj\u00fck-e valamely szem\u00e9lyes adat\u00e1t. Amennyiben igen, tov\u00e1bbi inform\u00e1ci\u00f3kat is az \u00d6n rendelkez\u00e9s\u00e9re bocs\u00e1tunk, amely az adatok kezel\u00e9s\u00e9re vonatkozik.<\/td><\/tr><tr><td>A helyesb\u00edt\u00e9shez val\u00f3 jog<\/td><td>K\u00e9r\u00e9s eset\u00e9n pontatlan szem\u00e9lyes adatait jav\u00edtjuk (helyesb\u00edtj\u00fck), valamint hi\u00e1nyos adatait kieg\u00e9sz\u00edtj\u00fck.<\/td><\/tr><tr><td>A t\u00f6rl\u00e9shez val\u00f3 jog<\/td><td>Amennyiben az al\u00e1bbi esetek valamelyike fenn\u00e1ll, k\u00e9r\u00e9s eset\u00e9n t\u00f6r\u00f6lj\u00fck szem\u00e9lyes adatait:m\u00e1r nincs sz\u00fcks\u00e9g\u00fcnk szem\u00e9lyes adataira abb\u00f3l a c\u00e9lb\u00f3l, amelyb\u0151l azt gy\u0171jt\u00f6tt\u00fck;\u00d6n visszavonta a hozz\u00e1j\u00e1rul\u00e1s\u00e1t;\u00d6n tiltakozott az adatkezel\u00e9s ellen (\u00e9s nincs m\u00e1s jogszer\u0171 ok az adatkezel\u00e9sre);jogellenesen kezelt\u00fck adatait;jogszab\u00e1ly k\u00f6telez minket az adatok t\u00f6rl\u00e9s\u00e9re.<\/td><\/tr><tr><td>Az adatkezel\u00e9s korl\u00e1toz\u00e1s\u00e1hoz val\u00f3 jog<\/td><td>\u00d6n jogosult k\u00e9rni, hogy az adatait ne kezelj\u00fck tov\u00e1bb, ha:vitatja az adatok pontoss\u00e1g\u00e1t;az adatok kezel\u00e9se jogellenes, de nem szeretn\u00e9, hogy az adatokat t\u00f6r\u00f6lj\u00fck;nek\u00fcnk m\u00e1r nincs sz\u00fcks\u00e9g\u00fcnk adataira, de \u00d6n ig\u00e9nyli azokat;\u00d6n tiltakozott az adatkezel\u00e9s ellen.Ebben az esetben szem\u00e9lyes adatait t\u00e1roljuk, am\u00edg a k\u00e9relme kivizsg\u00e1l\u00e1sra ker\u00fcl, de azokon adatkezel\u00e9si tev\u00e9kenys\u00e9get nem v\u00e9gz\u00fcnk.&nbsp;<\/td><\/tr><tr><td>Az adathordozhat\u00f3s\u00e1ghoz val\u00f3 jog<\/td><td>K\u00e9r\u00e9s\u00e9re t\u00e1j\u00e9koztat\u00e1st adunk \u00d6nnek az \u00e1ltalunk kezelt szem\u00e9lyes adatait, amelyeket \u00d6n bocs\u00e1tott rendelkez\u00e9s\u00fcnkre. Ezen adatokat \u00d6n jogosult m\u00e1s adatkezel\u0151 r\u00e9sz\u00e9re tov\u00e1bb\u00edtani.<\/td><\/tr><tr><td>A tiltakoz\u00e1shoz val\u00f3 jog<\/td><td>Amennyiben nem szeretn\u00e9, hogy szem\u00e9lyes adatait kezelj\u00fck, jogosult az adatkezel\u00e9s ellen tiltakozni. Ekkor nem kezelj\u00fck tov\u00e1bb az adatokat, kiv\u00e9ve, ha azt olyan jogos okok indokolj\u00e1k, amelyek els\u0151bbs\u00e9get \u00e9lveznek az \u00d6n jogaival, \u00e9rdekeivel, szabads\u00e1gaival szemben, vagy amelyek jogi ig\u00e9nyek el\u0151terjeszt\u00e9s\u00e9hez, \u00e9rv\u00e9nyes\u00edt\u00e9s\u00e9hez vagy v\u00e9delm\u00e9hez kapcsol\u00f3dnak.<\/td><\/tr><tr><td>Hozz\u00e1j\u00e1rul\u00e1s visszavon\u00e1sa<\/td><td>A hozz\u00e1j\u00e1rul\u00e1s jogalapon t\u00f6rt\u00e9n\u0151 adatkezel\u00e9si tev\u00e9kenys\u00e9gek vonatkoz\u00e1s\u00e1ban az \u00e9rintett b\u00e1rmikor jogosult visszavonni hozz\u00e1j\u00e1rul\u00e1s\u00e1t.A hozz\u00e1j\u00e1rul\u00e1s jogalapon m\u0171k\u00f6dtetett cookie-k haszn\u00e1lat\u00e1hoz adott hozz\u00e1j\u00e1rul\u00e1s\u00e1t az \u00e9rintett b\u00e1rmikor jogosult visszavonni a weboldal alj\u00e1n elhelyezett S\u00fcti (Cookie) be\u00e1ll\u00edt\u00e1sok men\u00fcpontn\u00e1l.&nbsp;A hozz\u00e1j\u00e1rul\u00e1s visszavon\u00e1sa nem \u00e9rinti a hozz\u00e1j\u00e1rul\u00e1son alapul\u00f3, a visszavon\u00e1s el\u0151tti adatkezel\u00e9s jogszer\u0171s\u00e9g\u00e9t.<\/td><\/tr><tr><td>Panasz beny\u00fajt\u00e1sa<\/td><td>\u00d6n jogosult arra, hogy panaszt tegyen egy fel\u00fcgyeleti hat\u00f3s\u00e1gn\u00e1l, amennyiben \u00fagy gondolja, hogy az adatai kezel\u00e9se sor\u00e1n nem tartottuk be a jogszab\u00e1lyi k\u00f6vetelm\u00e9nyeket. A magyar fel\u00fcgyeleti hat\u00f3s\u00e1g el\u00e9rhet\u0151s\u00e9gei:<strong>Nemzeti Adatv\u00e9delmi \u00e9s Inform\u00e1ci\u00f3szabads\u00e1g Hat\u00f3s\u00e1g (NAIH)<\/strong>levelez\u00e9si c\u00edm: 1363 Budapest, Pf. 9.sz\u00e9khely: 1055 Budapest, Falk Miksa utca 9-11.email c\u00edm: <a href=\"mailto:ugyfelszolgalat@naih.hu\">ugyfelszolgalat@naih.hu<\/a>telefon: +36 1&nbsp;391 1400honlap: <a href=\"http:\/\/www.naih.hu\">www.naih.hu<\/a><\/td><\/tr><\/tbody><\/table><\/figure>\n","protected":false},"excerpt":{"rendered":"<p>ADATKEZEL\u00c9SI T\u00c1J\u00c9KOZAT\u00d3 A HELL ENERGY Magyarorsz\u00e1g Kft. tiszteletben tartja az \u00d6n mag\u00e1nszf\u00e9r\u00e1j\u00e1nak v\u00e9delm\u00e9t \u00e9s nagy gondot ford\u00edt a szem\u00e9lyes adatok v\u00e9delm\u00e9re. Az adatkezel\u00e9si t\u00e1j\u00e9koztat\u00f3 c\u00e9lja, hogy megfelel\u0151 inform\u00e1ci\u00f3kat ny\u00fajtson a jelen weboldalon t\u00f6rt\u00e9n\u0151 adatkezel\u00e9sekr\u0151l, valamint az \u00d6nt, mint \u00e9rintettet megillet\u0151 jogokr\u00f3l. A HELL ENERGY Magyarorsz\u00e1g Kft. az adatkezel\u00e9sek sor\u00e1n marad\u00e9ktalanul megfelel az alkalmazand\u00f3 jogszab\u00e1lyoknak, \u00edgy [&hellip;]<\/p>\n","protected":false},"author":1,"featured_media":0,"parent":0,"menu_order":0,"comment_status":"closed","ping_status":"closed","template":"","meta":{"_acf_changed":false,"footnotes":""},"class_list":["post-397","page","type-page","status-publish","hentry"],"acf":[],"yoast_head":"<!-- This site is optimized with the Yoast SEO plugin v27.2 - https:\/\/yoast.com\/product\/yoast-seo-wordpress\/ -->\n<title>Adatkezel\u00e9si t\u00e1j\u00e9koztat\u00f3 - FloeWater Solutions<\/title>\n<meta name=\"robots\" content=\"index, follow, max-snippet:-1, max-image-preview:large, max-video-preview:-1\" \/>\n<link rel=\"canonical\" href=\"https:\/\/floewater.com\/szolgaltatas\/adatkezelesi-tajekoztato\/\" \/>\n<meta property=\"og:locale\" content=\"hu_HU\" \/>\n<meta property=\"og:type\" content=\"article\" \/>\n<meta property=\"og:title\" content=\"Adatkezel\u00e9si t\u00e1j\u00e9koztat\u00f3 - FloeWater Solutions\" \/>\n<meta property=\"og:description\" content=\"ADATKEZEL\u00c9SI T\u00c1J\u00c9KOZAT\u00d3 A HELL ENERGY Magyarorsz\u00e1g Kft. tiszteletben tartja az \u00d6n mag\u00e1nszf\u00e9r\u00e1j\u00e1nak v\u00e9delm\u00e9t \u00e9s nagy gondot ford\u00edt a szem\u00e9lyes adatok v\u00e9delm\u00e9re. Az adatkezel\u00e9si t\u00e1j\u00e9koztat\u00f3 c\u00e9lja, hogy megfelel\u0151 inform\u00e1ci\u00f3kat ny\u00fajtson a jelen weboldalon t\u00f6rt\u00e9n\u0151 adatkezel\u00e9sekr\u0151l, valamint az \u00d6nt, mint \u00e9rintettet megillet\u0151 jogokr\u00f3l. A HELL ENERGY Magyarorsz\u00e1g Kft. az adatkezel\u00e9sek sor\u00e1n marad\u00e9ktalanul megfelel az alkalmazand\u00f3 jogszab\u00e1lyoknak, \u00edgy [&hellip;]\" \/>\n<meta property=\"og:url\" content=\"https:\/\/floewater.com\/szolgaltatas\/adatkezelesi-tajekoztato\/\" \/>\n<meta property=\"og:site_name\" content=\"FloeWater Solutions\" \/>\n<meta property=\"article:modified_time\" content=\"2025-04-22T06:33:57+00:00\" \/>\n<meta name=\"twitter:card\" content=\"summary_large_image\" \/>\n<meta name=\"twitter:label1\" content=\"Becs\u00fclt olvas\u00e1si id\u0151\" \/>\n\t<meta name=\"twitter:data1\" content=\"5 perc\" \/>\n<script type=\"application\/ld+json\" class=\"yoast-schema-graph\">{\"@context\":\"https:\/\/schema.org\",\"@graph\":[{\"@type\":\"WebPage\",\"@id\":\"https:\/\/floewater.com\/szolgaltatas\/adatkezelesi-tajekoztato\/\",\"url\":\"https:\/\/floewater.com\/szolgaltatas\/adatkezelesi-tajekoztato\/\",\"name\":\"Adatkezel\u00e9si t\u00e1j\u00e9koztat\u00f3 - FloeWater Solutions\",\"isPartOf\":{\"@id\":\"https:\/\/floewater.com\/szolgaltatas\/#website\"},\"datePublished\":\"2024-05-23T01:12:41+00:00\",\"dateModified\":\"2025-04-22T06:33:57+00:00\",\"breadcrumb\":{\"@id\":\"https:\/\/floewater.com\/szolgaltatas\/adatkezelesi-tajekoztato\/#breadcrumb\"},\"inLanguage\":\"hu\",\"potentialAction\":[{\"@type\":\"ReadAction\",\"target\":[\"https:\/\/floewater.com\/szolgaltatas\/adatkezelesi-tajekoztato\/\"]}]},{\"@type\":\"BreadcrumbList\",\"@id\":\"https:\/\/floewater.com\/szolgaltatas\/adatkezelesi-tajekoztato\/#breadcrumb\",\"itemListElement\":[{\"@type\":\"ListItem\",\"position\":1,\"name\":\"Kezd\u0151lap\",\"item\":\"https:\/\/floewater.com\/szolgaltatas\/\"},{\"@type\":\"ListItem\",\"position\":2,\"name\":\"Adatkezel\u00e9si t\u00e1j\u00e9koztat\u00f3\"}]},{\"@type\":\"WebSite\",\"@id\":\"https:\/\/floewater.com\/szolgaltatas\/#website\",\"url\":\"https:\/\/floewater.com\/szolgaltatas\/\",\"name\":\"FloeWater Solutions\",\"description\":\"\",\"potentialAction\":[{\"@type\":\"SearchAction\",\"target\":{\"@type\":\"EntryPoint\",\"urlTemplate\":\"https:\/\/floewater.com\/szolgaltatas\/?s={search_term_string}\"},\"query-input\":{\"@type\":\"PropertyValueSpecification\",\"valueRequired\":true,\"valueName\":\"search_term_string\"}}],\"inLanguage\":\"hu\"}]}<\/script>\n<!-- \/ Yoast SEO plugin. -->","yoast_head_json":{"title":"Adatkezel\u00e9si t\u00e1j\u00e9koztat\u00f3 - FloeWater Solutions","robots":{"index":"index","follow":"follow","max-snippet":"max-snippet:-1","max-image-preview":"max-image-preview:large","max-video-preview":"max-video-preview:-1"},"canonical":"https:\/\/floewater.com\/szolgaltatas\/adatkezelesi-tajekoztato\/","og_locale":"hu_HU","og_type":"article","og_title":"Adatkezel\u00e9si t\u00e1j\u00e9koztat\u00f3 - FloeWater Solutions","og_description":"ADATKEZEL\u00c9SI T\u00c1J\u00c9KOZAT\u00d3 A HELL ENERGY Magyarorsz\u00e1g Kft. tiszteletben tartja az \u00d6n mag\u00e1nszf\u00e9r\u00e1j\u00e1nak v\u00e9delm\u00e9t \u00e9s nagy gondot ford\u00edt a szem\u00e9lyes adatok v\u00e9delm\u00e9re. Az adatkezel\u00e9si t\u00e1j\u00e9koztat\u00f3 c\u00e9lja, hogy megfelel\u0151 inform\u00e1ci\u00f3kat ny\u00fajtson a jelen weboldalon t\u00f6rt\u00e9n\u0151 adatkezel\u00e9sekr\u0151l, valamint az \u00d6nt, mint \u00e9rintettet megillet\u0151 jogokr\u00f3l. A HELL ENERGY Magyarorsz\u00e1g Kft. az adatkezel\u00e9sek sor\u00e1n marad\u00e9ktalanul megfelel az alkalmazand\u00f3 jogszab\u00e1lyoknak, \u00edgy [&hellip;]","og_url":"https:\/\/floewater.com\/szolgaltatas\/adatkezelesi-tajekoztato\/","og_site_name":"FloeWater Solutions","article_modified_time":"2025-04-22T06:33:57+00:00","twitter_card":"summary_large_image","twitter_misc":{"Becs\u00fclt olvas\u00e1si id\u0151":"5 perc"},"schema":{"@context":"https:\/\/schema.org","@graph":[{"@type":"WebPage","@id":"https:\/\/floewater.com\/szolgaltatas\/adatkezelesi-tajekoztato\/","url":"https:\/\/floewater.com\/szolgaltatas\/adatkezelesi-tajekoztato\/","name":"Adatkezel\u00e9si t\u00e1j\u00e9koztat\u00f3 - FloeWater Solutions","isPartOf":{"@id":"https:\/\/floewater.com\/szolgaltatas\/#website"},"datePublished":"2024-05-23T01:12:41+00:00","dateModified":"2025-04-22T06:33:57+00:00","breadcrumb":{"@id":"https:\/\/floewater.com\/szolgaltatas\/adatkezelesi-tajekoztato\/#breadcrumb"},"inLanguage":"hu","potentialAction":[{"@type":"ReadAction","target":["https:\/\/floewater.com\/szolgaltatas\/adatkezelesi-tajekoztato\/"]}]},{"@type":"BreadcrumbList","@id":"https:\/\/floewater.com\/szolgaltatas\/adatkezelesi-tajekoztato\/#breadcrumb","itemListElement":[{"@type":"ListItem","position":1,"name":"Kezd\u0151lap","item":"https:\/\/floewater.com\/szolgaltatas\/"},{"@type":"ListItem","position":2,"name":"Adatkezel\u00e9si t\u00e1j\u00e9koztat\u00f3"}]},{"@type":"WebSite","@id":"https:\/\/floewater.com\/szolgaltatas\/#website","url":"https:\/\/floewater.com\/szolgaltatas\/","name":"FloeWater Solutions","description":"","potentialAction":[{"@type":"SearchAction","target":{"@type":"EntryPoint","urlTemplate":"https:\/\/floewater.com\/szolgaltatas\/?s={search_term_string}"},"query-input":{"@type":"PropertyValueSpecification","valueRequired":true,"valueName":"search_term_string"}}],"inLanguage":"hu"}]}},"_links":{"self":[{"href":"https:\/\/floewater.com\/szolgaltatas\/wp-json\/wp\/v2\/pages\/397","targetHints":{"allow":["GET"]}}],"collection":[{"href":"https:\/\/floewater.com\/szolgaltatas\/wp-json\/wp\/v2\/pages"}],"about":[{"href":"https:\/\/floewater.com\/szolgaltatas\/wp-json\/wp\/v2\/types\/page"}],"author":[{"embeddable":true,"href":"https:\/\/floewater.com\/szolgaltatas\/wp-json\/wp\/v2\/users\/1"}],"replies":[{"embeddable":true,"href":"https:\/\/floewater.com\/szolgaltatas\/wp-json\/wp\/v2\/comments?post=397"}],"version-history":[{"count":5,"href":"https:\/\/floewater.com\/szolgaltatas\/wp-json\/wp\/v2\/pages\/397\/revisions"}],"predecessor-version":[{"id":836,"href":"https:\/\/floewater.com\/szolgaltatas\/wp-json\/wp\/v2\/pages\/397\/revisions\/836"}],"wp:attachment":[{"href":"https:\/\/floewater.com\/szolgaltatas\/wp-json\/wp\/v2\/media?parent=397"}],"curies":[{"name":"wp","href":"https:\/\/api.w.org\/{rel}","templated":true}]}}