{"id":404,"date":"2024-05-23T01:31:56","date_gmt":"2024-05-23T01:31:56","guid":{"rendered":"https:\/\/floewater.progressive.hu\/?page_id=20"},"modified":"2025-04-02T11:18:36","modified_gmt":"2025-04-02T11:18:36","slug":"megoldasaink","status":"publish","type":"page","link":"https:\/\/floewater.com\/szolgaltatas\/megoldasaink\/","title":{"rendered":"Megold\u00e1saink"},"content":{"rendered":"<p>M\u00e1sra van sz\u00fcks\u00e9ge egy irod\u00e1nak \u00e9s m\u00e1sra egy \u00e9tteremnek vagy sz\u00e1ll\u00e1shelynek. Azt is tudjuk, hogy \u00e9tterem \u00e9s \u00e9tterem vagy iroda \u00e9s iroda k\u00f6z\u00f6tt is nagy k\u00fcl\u00f6nbs\u00e9gek lehetnek, hiszen minden c\u00e9gnek, v\u00e1llalatnak, v\u00e1llalkoz\u00e1snak megvannak a saj\u00e1t ig\u00e9nyei \u00e9s adotts\u00e1gai. Ez\u00e9rt \u00fagy alkottuk meg a FloeWater Solutions-csomagokat, hogy a legk\u00fcl\u00f6nb\u00f6z\u0151bb elv\u00e1r\u00e1soknak is meg tudjanak felelni.<\/p>\n","protected":false},"excerpt":{"rendered":"<p>M\u00e1sra van sz\u00fcks\u00e9ge egy irod\u00e1nak \u00e9s m\u00e1sra egy \u00e9tteremnek vagy sz\u00e1ll\u00e1shelynek. Azt is tudjuk, hogy \u00e9tterem \u00e9s \u00e9tterem vagy iroda \u00e9s iroda k\u00f6z\u00f6tt is nagy k\u00fcl\u00f6nbs\u00e9gek lehetnek, hiszen minden c\u00e9gnek, v\u00e1llalatnak, v\u00e1llalkoz\u00e1snak megvannak a saj\u00e1t ig\u00e9nyei \u00e9s adotts\u00e1gai. Ez\u00e9rt \u00fagy alkottuk meg a FloeWater Solutions-csomagokat, hogy a legk\u00fcl\u00f6nb\u00f6z\u0151bb elv\u00e1r\u00e1soknak is meg tudjanak felelni.<\/p>\n","protected":false},"author":1,"featured_media":0,"parent":0,"menu_order":0,"comment_status":"closed","ping_status":"closed","template":"page-templates\/page-termekek.php","meta":{"_acf_changed":false,"footnotes":""},"class_list":["post-404","page","type-page","status-publish","hentry"],"acf":[],"yoast_head":"<!-- This site is optimized with the Yoast SEO plugin v27.2 - https:\/\/yoast.com\/product\/yoast-seo-wordpress\/ -->\n<title>Megold\u00e1saink - FloeWater Solutions<\/title>\n<meta name=\"robots\" content=\"index, follow, max-snippet:-1, max-image-preview:large, max-video-preview:-1\" \/>\n<link rel=\"canonical\" href=\"https:\/\/floewater.com\/szolgaltatas\/megoldasaink\/\" \/>\n<meta property=\"og:locale\" content=\"hu_HU\" \/>\n<meta property=\"og:type\" content=\"article\" \/>\n<meta property=\"og:title\" content=\"Megold\u00e1saink - FloeWater Solutions\" \/>\n<meta property=\"og:description\" content=\"M\u00e1sra van sz\u00fcks\u00e9ge egy irod\u00e1nak \u00e9s m\u00e1sra egy \u00e9tteremnek vagy sz\u00e1ll\u00e1shelynek. Azt is tudjuk, hogy \u00e9tterem \u00e9s \u00e9tterem vagy iroda \u00e9s iroda k\u00f6z\u00f6tt is nagy k\u00fcl\u00f6nbs\u00e9gek lehetnek, hiszen minden c\u00e9gnek, v\u00e1llalatnak, v\u00e1llalkoz\u00e1snak megvannak a saj\u00e1t ig\u00e9nyei \u00e9s adotts\u00e1gai. Ez\u00e9rt \u00fagy alkottuk meg a FloeWater Solutions-csomagokat, hogy a legk\u00fcl\u00f6nb\u00f6z\u0151bb elv\u00e1r\u00e1soknak is meg tudjanak felelni.\" \/>\n<meta property=\"og:url\" content=\"https:\/\/floewater.com\/szolgaltatas\/megoldasaink\/\" \/>\n<meta property=\"og:site_name\" content=\"FloeWater Solutions\" \/>\n<meta property=\"article:modified_time\" content=\"2025-04-02T11:18:36+00:00\" \/>\n<meta name=\"twitter:card\" content=\"summary_large_image\" \/>\n<meta name=\"twitter:label1\" content=\"Becs\u00fclt olvas\u00e1si id\u0151\" \/>\n\t<meta name=\"twitter:data1\" content=\"1 perc\" \/>\n<script type=\"application\/ld+json\" class=\"yoast-schema-graph\">{\"@context\":\"https:\/\/schema.org\",\"@graph\":[{\"@type\":\"WebPage\",\"@id\":\"https:\/\/floewater.com\/szolgaltatas\/megoldasaink\/\",\"url\":\"https:\/\/floewater.com\/szolgaltatas\/megoldasaink\/\",\"name\":\"Megold\u00e1saink - FloeWater Solutions\",\"isPartOf\":{\"@id\":\"https:\/\/floewater.com\/szolgaltatas\/#website\"},\"datePublished\":\"2024-05-23T01:31:56+00:00\",\"dateModified\":\"2025-04-02T11:18:36+00:00\",\"breadcrumb\":{\"@id\":\"https:\/\/floewater.com\/szolgaltatas\/megoldasaink\/#breadcrumb\"},\"inLanguage\":\"hu\",\"potentialAction\":[{\"@type\":\"ReadAction\",\"target\":[\"https:\/\/floewater.com\/szolgaltatas\/megoldasaink\/\"]}]},{\"@type\":\"BreadcrumbList\",\"@id\":\"https:\/\/floewater.com\/szolgaltatas\/megoldasaink\/#breadcrumb\",\"itemListElement\":[{\"@type\":\"ListItem\",\"position\":1,\"name\":\"Kezd\u0151lap\",\"item\":\"https:\/\/floewater.com\/szolgaltatas\/\"},{\"@type\":\"ListItem\",\"position\":2,\"name\":\"Megold\u00e1saink\"}]},{\"@type\":\"WebSite\",\"@id\":\"https:\/\/floewater.com\/szolgaltatas\/#website\",\"url\":\"https:\/\/floewater.com\/szolgaltatas\/\",\"name\":\"FloeWater Solutions\",\"description\":\"\",\"potentialAction\":[{\"@type\":\"SearchAction\",\"target\":{\"@type\":\"EntryPoint\",\"urlTemplate\":\"https:\/\/floewater.com\/szolgaltatas\/?s={search_term_string}\"},\"query-input\":{\"@type\":\"PropertyValueSpecification\",\"valueRequired\":true,\"valueName\":\"search_term_string\"}}],\"inLanguage\":\"hu\"}]}<\/script>\n<!-- \/ Yoast SEO plugin. -->","yoast_head_json":{"title":"Megold\u00e1saink - FloeWater Solutions","robots":{"index":"index","follow":"follow","max-snippet":"max-snippet:-1","max-image-preview":"max-image-preview:large","max-video-preview":"max-video-preview:-1"},"canonical":"https:\/\/floewater.com\/szolgaltatas\/megoldasaink\/","og_locale":"hu_HU","og_type":"article","og_title":"Megold\u00e1saink - FloeWater Solutions","og_description":"M\u00e1sra van sz\u00fcks\u00e9ge egy irod\u00e1nak \u00e9s m\u00e1sra egy \u00e9tteremnek vagy sz\u00e1ll\u00e1shelynek. Azt is tudjuk, hogy \u00e9tterem \u00e9s \u00e9tterem vagy iroda \u00e9s iroda k\u00f6z\u00f6tt is nagy k\u00fcl\u00f6nbs\u00e9gek lehetnek, hiszen minden c\u00e9gnek, v\u00e1llalatnak, v\u00e1llalkoz\u00e1snak megvannak a saj\u00e1t ig\u00e9nyei \u00e9s adotts\u00e1gai. Ez\u00e9rt \u00fagy alkottuk meg a FloeWater Solutions-csomagokat, hogy a legk\u00fcl\u00f6nb\u00f6z\u0151bb elv\u00e1r\u00e1soknak is meg tudjanak felelni.","og_url":"https:\/\/floewater.com\/szolgaltatas\/megoldasaink\/","og_site_name":"FloeWater Solutions","article_modified_time":"2025-04-02T11:18:36+00:00","twitter_card":"summary_large_image","twitter_misc":{"Becs\u00fclt olvas\u00e1si id\u0151":"1 perc"},"schema":{"@context":"https:\/\/schema.org","@graph":[{"@type":"WebPage","@id":"https:\/\/floewater.com\/szolgaltatas\/megoldasaink\/","url":"https:\/\/floewater.com\/szolgaltatas\/megoldasaink\/","name":"Megold\u00e1saink - FloeWater Solutions","isPartOf":{"@id":"https:\/\/floewater.com\/szolgaltatas\/#website"},"datePublished":"2024-05-23T01:31:56+00:00","dateModified":"2025-04-02T11:18:36+00:00","breadcrumb":{"@id":"https:\/\/floewater.com\/szolgaltatas\/megoldasaink\/#breadcrumb"},"inLanguage":"hu","potentialAction":[{"@type":"ReadAction","target":["https:\/\/floewater.com\/szolgaltatas\/megoldasaink\/"]}]},{"@type":"BreadcrumbList","@id":"https:\/\/floewater.com\/szolgaltatas\/megoldasaink\/#breadcrumb","itemListElement":[{"@type":"ListItem","position":1,"name":"Kezd\u0151lap","item":"https:\/\/floewater.com\/szolgaltatas\/"},{"@type":"ListItem","position":2,"name":"Megold\u00e1saink"}]},{"@type":"WebSite","@id":"https:\/\/floewater.com\/szolgaltatas\/#website","url":"https:\/\/floewater.com\/szolgaltatas\/","name":"FloeWater Solutions","description":"","potentialAction":[{"@type":"SearchAction","target":{"@type":"EntryPoint","urlTemplate":"https:\/\/floewater.com\/szolgaltatas\/?s={search_term_string}"},"query-input":{"@type":"PropertyValueSpecification","valueRequired":true,"valueName":"search_term_string"}}],"inLanguage":"hu"}]}},"_links":{"self":[{"href":"https:\/\/floewater.com\/szolgaltatas\/wp-json\/wp\/v2\/pages\/404","targetHints":{"allow":["GET"]}}],"collection":[{"href":"https:\/\/floewater.com\/szolgaltatas\/wp-json\/wp\/v2\/pages"}],"about":[{"href":"https:\/\/floewater.com\/szolgaltatas\/wp-json\/wp\/v2\/types\/page"}],"author":[{"embeddable":true,"href":"https:\/\/floewater.com\/szolgaltatas\/wp-json\/wp\/v2\/users\/1"}],"replies":[{"embeddable":true,"href":"https:\/\/floewater.com\/szolgaltatas\/wp-json\/wp\/v2\/comments?post=404"}],"version-history":[{"count":6,"href":"https:\/\/floewater.com\/szolgaltatas\/wp-json\/wp\/v2\/pages\/404\/revisions"}],"predecessor-version":[{"id":786,"href":"https:\/\/floewater.com\/szolgaltatas\/wp-json\/wp\/v2\/pages\/404\/revisions\/786"}],"wp:attachment":[{"href":"https:\/\/floewater.com\/szolgaltatas\/wp-json\/wp\/v2\/media?parent=404"}],"curies":[{"name":"wp","href":"https:\/\/api.w.org\/{rel}","templated":true}]}}